{"id":5,"date":"2022-02-18T10:25:20","date_gmt":"2022-02-18T10:25:20","guid":{"rendered":"https:\/\/impl.pt\/update\/one-page-express\/"},"modified":"2023-01-23T17:07:42","modified_gmt":"2023-01-23T17:07:42","slug":"one-page-express","status":"publish","type":"page","link":"https:\/\/crazy-moore.109-199-104-68.plesk.page\/fr\/","title":{"rendered":"Front Page"},"content":{"rendered":"<div  data-label=\"Overlapable\" data-id=\"stripped-features-overlapped-icons-section\" data-category=\"overlapable\" class=\"features-overlapped-icons-section stripped-features-overlapped-icons-section\" data-overlap=\"true\" id=\"overlapable-4\" style=\"background-color: rgb(255, 255, 255);\">\n<div  class=\"gridContainer\">\n<div  class=\"features-overlapped-icons-featuresrow flexbox-list\" data-type=\"row\">\n<div  class=\"features-large-icons-featcol cp3cols cp6cols-tablet\">\n<div  class=\"features-overlapped-icons-featinnerrow\">\n<div  class=\"features-icon-container\"><i  data-cp-fa=\"true\" class=\"font-icon-features-icon-container fa fa-star\"><\/i> <\/div>\n<div  data-type=\"column\" class=\"\">\n<h4  class=\"\">\u00c9thique&nbsp;<br \/>\n<br >Qualit\u00e9<\/h4>\n<\/p><\/div>\n<\/div><\/div>\n<div  class=\"features-large-icons-featcol cp3cols cp6cols-tablet\">\n<div  class=\"features-overlapped-icons-featinnerrow\">\n<div  class=\"features-icon-container\"><i  data-cp-fa=\"true\" class=\"font-icon-features-icon-container fa fa-thumbs-up\"><\/i> <\/div>\n<div  data-type=\"column\" class=\"\">\n<h4  class=\"\">Rigueur<br \/>\n<br >Confiance<\/h4>\n<\/p><\/div>\n<\/div><\/div>\n<div  class=\"features-large-icons-featcol cp3cols cp6cols-tablet\">\n<div  class=\"features-overlapped-icons-featinnerrow\">\n<div  class=\"features-icon-container\"><i  data-cp-fa=\"true\" class=\"font-icon-features-icon-container fa fa-sitemap\"><\/i> <\/div>\n<div  data-type=\"column\" class=\"\">\n<h4  class=\"\">Dynamisme<br \/>\n<br >Comp\u00e9tence<\/h4>\n<\/p><\/div>\n<\/div><\/div>\n<div  class=\"features-large-icons-featcol cp3cols cp6cols-tablet\">\n<div  class=\"features-overlapped-icons-featinnerrow\">\n<div  class=\"features-icon-container\"><i  data-cp-fa=\"true\" class=\"font-icon-features-icon-container fa fa-group\"><\/i> <\/div>\n<div  data-type=\"column\" class=\"\">\n<h4  class=\"\">Honn\u00eatet\u00e9<br \/>\n<br >Responsabilit\u00e9<\/h4>\n<\/p><\/div>\n<\/div><\/div>\n<\/p><\/div>\n<\/p><\/div>\n<\/div>\n<div  data-label=\"sobre nos\" data-id=\"content-image-right\" data-category=\"content\" class=\"content-right-image-section content-image-right\" id=\"sobre-nos\" style=\"background-color: rgb(246, 246, 246);\">\n<div  class=\"gridContainer\">\n<div  class=\"content-right-image-gridcol\">\n<div  class=\"content-right-image-textcol dynamic-color\" data-type=\"column\">\n<h2  class=\"\">A PROPOS DE NOUS<\/h2>\n<h5  class=\"\">I.M.P.L. est sp\u00e9cialis\u00e9 dans l'usinage des titanes, des aluminiums et des aciers.<\/h5>\n<p  class=\"\">\n<div  class=\"\">I.M.P.L. \u201cInd\u00fastria de Mec\u00e2nica de Precis\u00e3o\u201d est implant\u00e9e au centre du Portugal, \u00e0 Pombal, \u00e0 \u00e9gale distance de Lisbonne et de Porto.<\/div>\n<div  class=\"\">Cr\u00e9\u00e9e en 1999, I.M.P.L. est sp\u00e9cialis\u00e9e dans l\u2019usinage de pi\u00e8ces de haute pr\u00e9cision pour l\u2019industrie a\u00e9ronautique et la m\u00e9canique de pr\u00e9cision.<\/div>\n<div  class=\"\">Le savoir-faire et la reconnaissance que I.M.P.L. a dans les secteurs o\u00f9 elle intervient proviennent de son fondateur, Jo\u00e3o Pedro Baptista, qui a acquis ses connaissances techniques et son exp\u00e9rience en France.<\/div>\n<div  class=\"\">Avec des installations modernes et des \u00e9quipements de technologie de pointe, I.M.P.L. veut offrir le meilleur service, avec l\u2019objectif de se distinguer par la Qualit\u00e9 et l\u2019Innovation.<\/div>\n<div  class=\"\">Attentifs aux besoins de ses clients et consid\u00e9rant essentiels la comp\u00e9titivit\u00e9, la qualit\u00e9 et le respect des d\u00e9lais, I.M.P.L. cherche constamment \u00e0 am\u00e9liorer ses services et la satisfaction de ses clients.<\/div>\n<\/div>\n<div  class=\"content-right-image-imgcol\" data-type=\"column\">\n<p  class=\"\">\n<h5  class=\"\"><br >Certifications<\/h5>\n<p  class=\"\">I.M.P.L. est certifi\u00e9e par APCER (Association Portugaise de Certification) pour son syst\u00e8me de gestion de la qualit\u00e9, en conformit\u00e9 avec les normes ISO 9001:2015 et EN 9100:2018 , pour la \u201cfabrication de pi\u00e8ces de pr\u00e9cision\u201d: Certificat n\u00ba 2019\/84373.1.<\/p>\n<p><img  decoding=\"async\" class=\"custom-image\" src=\"https:\/\/crazy-moore.109-199-104-68.plesk.page\/wp-content\/uploads\/2022\/02\/logos-qualidade_-_Copia-removebg-preview-e1645186542633.png\" alt=\"\"><\/p>\n<p  class=\"\">I.M.P.L. est \u00e9galement approuv\u00e9e par OGMA \u201cInd\u00fastria Aeron\u00e1utica de Portugal\", en tant que sous-traitant pour \u201cl\u2019usinage de pi\u00e8ces pour l\u2019industrie a\u00e9ronautique\u201d: Certificat n\u00ba 001\/QALA\/2019.<\/p>\n<\/div><\/div>\n<\/p><\/div>\n<\/p><\/div>\n<div  data-label=\"producao\" data-id=\"features-small-icon-cards-section\" data-category=\"features\" class=\"features-small-icon-cards-section\" id=\"producao\" style=\"background-color: rgb(246, 246, 246);\">\n<div  class=\"gridContainer\">\n<div  class=\"features-small-icon-cards-textrow\">\n<div  class=\"features-small-icon-cards-textcol dynamic-color\" data-type=\"column\">\n<h2  class=\"\">PRODUCTION<\/h2>\n<p  class=\"\">PARC MACHINES ET MOYENS DE CONTROLE<\/p>\n<\/p><\/div>\n<\/p><\/div>\n<div  class=\"features-small-icon-cards-featuresrow dark-text\" data-type=\"row\">\n<div  class=\"features-small-icon-cards-featcol\">\n<div  class=\"features-small-icon-cards-featinnerrow\">\n<div  class=\"features-small-icon-cards-iconcol\"> <i  data-cp-fa=\"true\" class=\"font-icon-23 fa fa-cogs\"><\/i> <\/div>\n<div  class=\"features-small-icon-cards-feattextcol\" data-type=\"column\">\n<h4  class=\"\">Centres d\u2019usinage CNC<\/h4>\n<p  class=\"\">Makino:<br >- A55, avec 4\u00e8me axe continu, 60 outils, 2 palettes 400x400, 14.000 rpm;<br >- PS95, avec 4\u00e8me axe continu Nikken, 30 outils, 900x530x510, 14.000 rpm.<\/p>\n<p><br >Mori Seiki:<br >- NVX 5100\/40, avec 4\u00e8me axe continu, 31 outils, 1.000x500x550, 14.000 rpm;<br >- MH40, avec 4\u00e8me axe continu, 60 outils, 2 palettes 400x400, 8.000 rpm;<br >- MV 40A, avec 4\u00e8me axe continu Nikken, 30 outils, 600x450x500, 8.000 rpm;<br >- MV 40B, 20 outils, 800x450x500, 8.000 rpm;<br >- MV 40B, 30 outils, 800x400x550, 8.000 rpm;<br \/>\n<br >- MV 45B-40, 30 outils, 800x450x500, 8.000 rpm;<br >- MV Junior, avec 4\u00e8me axe continu Nikken, 30 outils, 600x450x500, 8.000 rpm;<br >\u2013 2 MV Junior, 16 outils, 600x450x500, 6.000 rpm;<br >- MV Junior, 30 outils, 2 palettes 600x450, 6.000 rpm.<\/p>\n<p><br >Fanuc:<br >- Robodrill Alpha D21 LiA5, avec 4\u00e8me axe continu Fanuc DDR, 21 outils, 700x350x300, 10.000 rpm;<br >- Robodrill Alpha D21 LiA5, avec 5\u00e8me axe continu Nikken, 21 outils, 700x350x300, 10.000 rpm;<br >- Robocut \u03b1 \u2013 C400IB, Electro\u00e9rosion \u00e0 fil.<\/p>\n<\/p><\/div>\n<\/p><\/div>\n<\/p><\/div>\n<div  class=\"features-small-icon-cards-featcol\">\n<div  class=\"features-small-icon-cards-featinnerrow\">\n<div  class=\"features-small-icon-cards-iconcol\"> <i  data-cp-fa=\"true\" class=\"font-icon-23 fa fa-wrench\"><\/i> <\/div>\n<div  class=\"features-small-icon-cards-feattextcol\" data-type=\"column\">\n<h4  class=\"\">Tours CNC<\/h4>\n<p  class=\"\">Mori Seiki:<br >- NLX 2500Y\/700 (4 axes), 12 outils, distance entre pointes : 700 mm, 3.500 rpm;<br >- NLX 2000SY\/500 (4 axes), 12 outils, distance entre pointes : 500 mm, 3.500 rpm;<br >- NLX 2500SY\/700 (4 axes), 12 outils, distance entre pointes : 700 mm, 3.500 rpm;<br >pontos: 700 mm, 3.500 rpm;<br >- SL15, 10 outils, distance entre pointes : 500 mm, 6.000 rpm;<br >- SL20, 10 outils, distance entre pointes : 500 mm, 3.500 rpm;<br \/>\n<br >- SL200 MC, 12 outils, distance entre pointes : 500 mm, 3.500 rpm.<\/p>\n<p>Tour conventionnel: Cazeneuve, 360 HBX<\/p>\n<p>Fraiseuse conventionnelle: Holke, F-11-V<\/p>\n<p>Rectifieuse plane: Palmary, PSG \u2013 C1545 AH<\/p>\n<p>Scies: Fat, Mod. 330, avec avance automatique et Optimum, S275N<\/p>\n<\/p><\/div>\n<\/p><\/div>\n<\/p><\/div>\n<div  class=\"features-small-icon-cards-featcol\">\n<div  class=\"features-small-icon-cards-featinnerrow\">\n<div  class=\"features-small-icon-cards-iconcol\"> <i  data-cp-fa=\"true\" class=\"font-icon-23 fa fa-sliders\"><\/i> <\/div>\n<div  class=\"features-small-icon-cards-feattextcol\" data-type=\"column\">\n<h4  class=\"\">Software<\/h4>\n<p  class=\"\">- CATIA V6<\/p>\n<p> <img  decoding=\"async\" class=\"custom-image\" src=\"https:\/\/crazy-moore.109-199-104-68.plesk.page\/wp-content\/uploads\/2022\/02\/catia-removebg-preview-e1645183847454.png\" alt=\"\"><\/p>\n<p  class=\"\">\n<p>- TopSolid Cam 7.14<\/p>\n<p><img  decoding=\"async\" class=\"custom-image\" src=\"https:\/\/crazy-moore.109-199-104-68.plesk.page\/wp-content\/uploads\/2022\/02\/TopSolid-logo-1-1024x531-1-e1645183880183.png\" alt=\"\"><\/div>\n<\/p><\/div>\n<\/p><\/div>\n<div  class=\"features-small-icon-cards-featcol\">\n<div  class=\"features-small-icon-cards-featinnerrow\">\n<div  class=\"features-small-icon-cards-iconcol\"> <i  data-cp-fa=\"true\" class=\"font-icon-23 fa fa-desktop\"><\/i> <\/div>\n<div  class=\"features-small-icon-cards-feattextcol\" data-type=\"column\">\n<h4  class=\"\">Contr\u00f4le<\/h4>\n<p  class=\"\">- Machine de mesure tridimensionnelle: ZEISS Contura G2 Direkt, 700 x 700 x 600<br >- Colonnes de mesure: Trimos - V600C, V3 et V7<br >- Marbres de contr\u00f4le, en granit: Dharla, 1600x1000 et Microplan, 1000x630<br >- Machine de mesure vid\u00e9o: Sylvac, Visio 200 GL<br \/>\n<br >- Projecteurs de profil: Mitutoyo PH350 et PJ3000<br >- Loupe d\u2019inspection: Vision Mantis Compact MC-UNI<br >- Durom\u00e8tre: Ernst AT180D<br >- Rugosim\u00e8tre: Mahr PS10<br \/>\n<br >- Microm\u00e8tres (d\u2019int\u00e9rieurs et d\u2019ext\u00e9rieurs): Bowers, Mitutoyo et Tesa<br >- Pieds \u00e0 coulisse: Sylvac<br >- Divers calibres et bagues de contr\u00f4le.<\/p>\n<\/p><\/div>\n<\/p><\/div>\n<\/p><\/div>\n<\/p><\/div>\n<\/p><\/div>\n<\/div>\n<div  data-label=\"Numbers\" data-id=\"numbers-section\" data-category=\"numbers\" data-bg=\"transparent\" class=\"numbers-section\" data-parallax-depth=\"20\" id=\"numbers\">\n<div  class=\"gridContainer dynamic-color\">\n<div  class=\"numbers-itemcol\">\n<h2  class=\"numbers-numbertext\">1999<\/h2>\n<h3  class=\"numbers-titletext\">Fondation de I.M.P.L.<\/h3>\n<\/p><\/div>\n<div  class=\"numbers-itemcol\">\n<h2  class=\"numbers-numbertext\">21<\/h2>\n<h3  class=\"numbers-titletext\">Machines<\/h3>\n<\/p><\/div>\n<div  class=\"numbers-itemcol-last\">\n<h2  class=\"numbers-numbertext\">92%<\/h2>\n<h3  class=\"numbers-titletext\">Exportation<\/h3>\n<\/p><\/div>\n<\/p><\/div>\n<\/div>\n<div  data-label=\"Galeria\" data-id=\"features-square-image-section\" data-category=\"features\" class=\"features-square-image-section\" id=\"galeria\" style=\"background-color: rgb(246, 246, 246);\">\n<div  class=\"gridContainer dynamic-color\">\n<div  class=\"features-square-image-textrow\">\n<div  class=\"features-square-image-textcol\" data-type=\"column\">\n<h2  class=\"\">Galerie<\/h2>\n<p  class=\"\">Nos realisations, avec nos equipements<\/p>\n<\/p><\/div>\n<\/p><\/div>\n<div  class=\"features-square-image-innerrow\" data-type=\"row\">\n<div  class=\"features-square-image-featcol cp4cols cp6cols-tablet\"><img  decoding=\"async\" class=\"features-square-image-featimg\" src=\"https:\/\/crazy-moore.109-199-104-68.plesk.page\/wp-content\/uploads\/2022\/02\/DSCN0293-scaled.jpg\" alt=\"\">    <img  decoding=\"async\" class=\"custom-image\" src=\"https:\/\/crazy-moore.109-199-104-68.plesk.page\/wp-content\/uploads\/2022\/02\/DSCN0304-scaled.jpg\" alt=\"\"><img  decoding=\"async\" class=\"custom-image\" src=\"https:\/\/crazy-moore.109-199-104-68.plesk.page\/wp-content\/uploads\/2022\/02\/DSCN0313-scaled.jpg\" alt=\"\"><\/div>\n<div  class=\"features-square-image-featcol cp4cols cp6cols-tablet\"><img  decoding=\"async\" class=\"features-square-image-featimg\" src=\"https:\/\/crazy-moore.109-199-104-68.plesk.page\/wp-content\/uploads\/2022\/02\/DSCN0294-scaled.jpg\" alt=\"\">   <img  decoding=\"async\" class=\"custom-image\" src=\"https:\/\/crazy-moore.109-199-104-68.plesk.page\/wp-content\/uploads\/2022\/02\/DSCN0310-scaled.jpg\" alt=\"\"><img  decoding=\"async\" class=\"custom-image\" src=\"https:\/\/crazy-moore.109-199-104-68.plesk.page\/wp-content\/uploads\/2022\/02\/DSCN0314-scaled.jpg\" alt=\"\"><\/div>\n<div  class=\"features-square-image-featcol cp4cols cp6cols-tablet\"><img  decoding=\"async\" class=\"features-square-image-featimg\" src=\"https:\/\/crazy-moore.109-199-104-68.plesk.page\/wp-content\/uploads\/2022\/02\/DSCN0296-scaled.jpg\" alt=\"\">   <img  decoding=\"async\" class=\"custom-image\" src=\"https:\/\/crazy-moore.109-199-104-68.plesk.page\/wp-content\/uploads\/2022\/02\/DSCN0309-scaled.jpg\" alt=\"\"><img  decoding=\"async\" class=\"custom-image\" src=\"https:\/\/crazy-moore.109-199-104-68.plesk.page\/wp-content\/uploads\/2022\/02\/Capturar2-e1645202024914.png\" alt=\"\"><\/div>\n<\/p><\/div>\n<\/p><\/div>\n<\/div>\n<div  data-label=\"Contactos\" data-id=\"contact-section\" data-category=\"contact\" data-bg=\"transparent\" class=\"contact-section-formsection white-text contact-section\" id=\"contactos\">\n<div  class=\"gridContainer\">\n<div  class=\"row_224\">\n<div  class=\"contact-textrow\">\n<div  class=\"contact-textcol dynamic-color\">\n<h2  class=\"\">CONTACTS<\/h2>\n<p  class=\"white_text\">\n<\/p><\/div>\n<\/p><\/div>\n<\/p><\/div>\n<div  class=\"contact-formcol\" data-content-shortcode=\"one_page_express_contact_form shortcode=&quot;contact-form-7 id=&amp;amp;quot;7&amp;amp;quot; title=&amp;amp;quot;Formul\u00e1rio de contacto 1&amp;amp;quot;&quot;\" data-editable=\"true\">[one_page_express_contact_form shortcode=&#8221;contact-form-7 id=&amp;quot;7&amp;quot; title=&amp;quot;Formul\u00e1rio de contacto 1&amp;quot;&#8221;]<\/div>\n<\/p><\/div>\n<\/div>","protected":false},"excerpt":{"rendered":"<p>\u00c9tica&nbsp; Qualidade Rigor Confian\u00e7a Brio Profissionalismo Honestidade Responsabilidade Sobre n\u00f3s A I.M.P.L. tem voca\u00e7\u00e3o especial para a maquina\u00e7\u00e3o de tit\u00e2nios, alum\u00ednios e a\u00e7os. A I.M.P.L. Ind\u00fastria de Mec\u00e2nica de Precis\u00e3o de Leiria, Lda. situa-se no centro de Portugal, em Pombal, a igual dist\u00e2ncia de Lisboa e do Porto. A I.M.P.L. foi criada em 1999 e [&hellip;]<\/p>","protected":false},"author":1,"featured_media":0,"parent":0,"menu_order":0,"comment_status":"closed","ping_status":"closed","template":"","meta":{"_angie_page":false,"footnotes":""},"class_list":["post-5","page","type-page","status-publish","hentry"],"_links":{"self":[{"href":"https:\/\/crazy-moore.109-199-104-68.plesk.page\/fr\/wp-json\/wp\/v2\/pages\/5","targetHints":{"allow":["GET"]}}],"collection":[{"href":"https:\/\/crazy-moore.109-199-104-68.plesk.page\/fr\/wp-json\/wp\/v2\/pages"}],"about":[{"href":"https:\/\/crazy-moore.109-199-104-68.plesk.page\/fr\/wp-json\/wp\/v2\/types\/page"}],"author":[{"embeddable":true,"href":"https:\/\/crazy-moore.109-199-104-68.plesk.page\/fr\/wp-json\/wp\/v2\/users\/1"}],"replies":[{"embeddable":true,"href":"https:\/\/crazy-moore.109-199-104-68.plesk.page\/fr\/wp-json\/wp\/v2\/comments?post=5"}],"version-history":[{"count":40,"href":"https:\/\/crazy-moore.109-199-104-68.plesk.page\/fr\/wp-json\/wp\/v2\/pages\/5\/revisions"}],"predecessor-version":[{"id":175,"href":"https:\/\/crazy-moore.109-199-104-68.plesk.page\/fr\/wp-json\/wp\/v2\/pages\/5\/revisions\/175"}],"wp:attachment":[{"href":"https:\/\/crazy-moore.109-199-104-68.plesk.page\/fr\/wp-json\/wp\/v2\/media?parent=5"}],"curies":[{"name":"wp","href":"https:\/\/api.w.org\/{rel}","templated":true}]}}